{"id":4862,"date":"2024-03-20T10:55:53","date_gmt":"2024-03-20T10:55:53","guid":{"rendered":"https:\/\/rubico.rs\/?post_type=product&#038;p=4862"},"modified":"2024-03-20T10:55:53","modified_gmt":"2024-03-20T10:55:53","slug":"usb-hub-kettz-usb-c-3-0-4port-hub-c40","status":"publish","type":"product","link":"https:\/\/rubico.rs\/sr\/katalog\/it-oprema\/kablovi-i-adapteri\/usb-hub-kettz-usb-c-3-0-4port-hub-c40\/","title":{"rendered":"USB HUB Kettz USB-C 3.0 4Port HUB-C40"},"content":{"rendered":"<p><strong>&#8211; Type C hub 1 na 4 USB 3.0 Ports 4 u 1 HUB-C40<\/p>\n<p>&#8211; Interfejs proizvoda: 4 USB 3.0 A porta na 1 USB-C<\/p>\n<p>&#8211; Ultra tanak dizajn, moderan izgled,prenosive veli\u010dine.<\/p>\n<p>&#8211; Pove\u017eite i stare i nove USB ure\u0111aje za prenos podataka i punjenje pretvaranjem USB-C porta na ra\u010dunaru ili mobilnom telefonu u USB-A port.<\/p>\n<p>&#8211; USB OTG podr\u0161ka za priklju\u010divanje i kori\u0161c\u0301enje USB fle\u0161 diskova, tastatura, mi\u0161eva i HUB sa va\u0161im USB-C pametnim telefonom ili tabletom.<\/p>\n<p>&#8211; USB C hub se lako povezuje sa najnovijim MacBook-om<\/p>\n<p>&#8211;  Prenesite podatke izme\u0111u USB-C ure\u0111aja i standardnog USB fle\u0161 diska, hard diska, telefona ili tableta brzinom do 5 Gbps<\/p>\n<p>&#8211; Boja: siva<\/p>\n<p>&#8211; Materijal: metal<\/p>\n<p>&#8211; veli\u010dina: 8,2 x 1,4 x 0,7 cm<\/p>\n<p>&#8211; Du\u017eina kabla: 17 cm<\/strong><\/p>","protected":false},"excerpt":{"rendered":"<p>Kettz USB-C 3.0 4Port<\/p>","protected":false},"featured_media":4863,"template":"","meta":[],"product_brand":[],"product_cat":[66,121],"product_tag":[],"class_list":{"0":"post-4862","1":"product","2":"type-product","3":"status-publish","4":"has-post-thumbnail","6":"product_cat-it-oprema","7":"product_cat-kablovi-i-adapteri","9":"first","10":"instock","11":"taxable","12":"shipping-taxable","13":"product-type-simple"},"etheme_brands":{"errors":{"invalid_taxonomy":["\u041d\u0435\u0438\u0441\u043f\u0440\u0430\u0432\u043d\u0430 \u0442\u0430\u043a\u0441\u043e\u043d\u043e\u043c\u0438\u0458\u0430."]},"error_data":[]},"yoast_head":"<!-- This site is optimized with the Yoast SEO plugin v25.5 - https:\/\/yoast.com\/wordpress\/plugins\/seo\/ -->\n<title>USB HUB Kettz USB-C 3.0 4Port HUB-C40 - Rubico<\/title>\n<meta name=\"robots\" content=\"index, follow, max-snippet:-1, max-image-preview:large, max-video-preview:-1\" \/>\n<link rel=\"canonical\" href=\"https:\/\/rubico.rs\/sr\/katalog\/it-oprema\/kablovi-i-adapteri\/usb-hub-kettz-usb-c-3-0-4port-hub-c40\/\" \/>\n<meta property=\"og:locale\" content=\"sr_RS\" \/>\n<meta property=\"og:type\" content=\"article\" \/>\n<meta property=\"og:title\" content=\"USB HUB Kettz USB-C 3.0 4Port HUB-C40 - Rubico\" \/>\n<meta property=\"og:description\" content=\"Kettz USB-C 3.0 4Port\" \/>\n<meta property=\"og:url\" content=\"https:\/\/rubico.rs\/sr\/katalog\/it-oprema\/kablovi-i-adapteri\/usb-hub-kettz-usb-c-3-0-4port-hub-c40\/\" \/>\n<meta property=\"og:site_name\" content=\"Rubico\" \/>\n<meta property=\"og:image\" content=\"https:\/\/rubico.rs\/wp-content\/uploads\/2024\/03\/29187.jpg\" \/>\n\t<meta property=\"og:image:width\" content=\"600\" \/>\n\t<meta property=\"og:image:height\" content=\"600\" \/>\n\t<meta property=\"og:image:type\" content=\"image\/jpeg\" \/>\n<meta name=\"twitter:card\" content=\"summary_large_image\" \/>\n<meta name=\"twitter:label1\" content=\"\u041f\u0440\u043e\u0446\u0435\u045a\u0435\u043d\u043e \u0432\u0440\u0435\u043c\u0435 \u0447\u0438\u0442\u0430\u045a\u0430\" \/>\n\t<meta name=\"twitter:data1\" content=\"1 \u043c\u0438\u043d\u0443\u0442\" \/>\n<script type=\"application\/ld+json\" class=\"yoast-schema-graph\">{\"@context\":\"https:\/\/schema.org\",\"@graph\":[{\"@type\":\"WebPage\",\"@id\":\"https:\/\/rubico.rs\/katalog\/it-oprema\/kablovi-i-adapteri\/usb-hub-kettz-usb-c-3-0-4port-hub-c40\/\",\"url\":\"https:\/\/rubico.rs\/katalog\/it-oprema\/kablovi-i-adapteri\/usb-hub-kettz-usb-c-3-0-4port-hub-c40\/\",\"name\":\"USB HUB Kettz USB-C 3.0 4Port HUB-C40 - Rubico\",\"isPartOf\":{\"@id\":\"https:\/\/rubico.rs\/#website\"},\"primaryImageOfPage\":{\"@id\":\"https:\/\/rubico.rs\/katalog\/it-oprema\/kablovi-i-adapteri\/usb-hub-kettz-usb-c-3-0-4port-hub-c40\/#primaryimage\"},\"image\":{\"@id\":\"https:\/\/rubico.rs\/katalog\/it-oprema\/kablovi-i-adapteri\/usb-hub-kettz-usb-c-3-0-4port-hub-c40\/#primaryimage\"},\"thumbnailUrl\":\"https:\/\/rubico.rs\/wp-content\/uploads\/2024\/03\/29187.jpg\",\"datePublished\":\"2024-03-20T10:55:53+00:00\",\"breadcrumb\":{\"@id\":\"https:\/\/rubico.rs\/katalog\/it-oprema\/kablovi-i-adapteri\/usb-hub-kettz-usb-c-3-0-4port-hub-c40\/#breadcrumb\"},\"inLanguage\":\"sr-RS\",\"potentialAction\":[{\"@type\":\"ReadAction\",\"target\":[\"https:\/\/rubico.rs\/katalog\/it-oprema\/kablovi-i-adapteri\/usb-hub-kettz-usb-c-3-0-4port-hub-c40\/\"]}]},{\"@type\":\"ImageObject\",\"inLanguage\":\"sr-RS\",\"@id\":\"https:\/\/rubico.rs\/katalog\/it-oprema\/kablovi-i-adapteri\/usb-hub-kettz-usb-c-3-0-4port-hub-c40\/#primaryimage\",\"url\":\"https:\/\/rubico.rs\/wp-content\/uploads\/2024\/03\/29187.jpg\",\"contentUrl\":\"https:\/\/rubico.rs\/wp-content\/uploads\/2024\/03\/29187.jpg\",\"width\":600,\"height\":600},{\"@type\":\"BreadcrumbList\",\"@id\":\"https:\/\/rubico.rs\/katalog\/it-oprema\/kablovi-i-adapteri\/usb-hub-kettz-usb-c-3-0-4port-hub-c40\/#breadcrumb\",\"itemListElement\":[{\"@type\":\"ListItem\",\"position\":1,\"name\":\"Home\",\"item\":\"https:\/\/rubico.rs\/\"},{\"@type\":\"ListItem\",\"position\":2,\"name\":\"Katalog\",\"item\":\"https:\/\/rubico.rs\/katalog\/\"},{\"@type\":\"ListItem\",\"position\":3,\"name\":\"USB HUB Kettz USB-C 3.0 4Port HUB-C40\"}]},{\"@type\":\"WebSite\",\"@id\":\"https:\/\/rubico.rs\/#website\",\"url\":\"https:\/\/rubico.rs\/\",\"name\":\"Rubico - Prodaja kancelarijskog materijala\",\"description\":\"\",\"publisher\":{\"@id\":\"https:\/\/rubico.rs\/#organization\"},\"potentialAction\":[{\"@type\":\"SearchAction\",\"target\":{\"@type\":\"EntryPoint\",\"urlTemplate\":\"https:\/\/rubico.rs\/?s={search_term_string}\"},\"query-input\":{\"@type\":\"PropertyValueSpecification\",\"valueRequired\":true,\"valueName\":\"search_term_string\"}}],\"inLanguage\":\"sr-RS\"},{\"@type\":\"Organization\",\"@id\":\"https:\/\/rubico.rs\/#organization\",\"name\":\"Rubico\",\"url\":\"https:\/\/rubico.rs\/\",\"logo\":{\"@type\":\"ImageObject\",\"inLanguage\":\"sr-RS\",\"@id\":\"https:\/\/rubico.rs\/#\/schema\/logo\/image\/\",\"url\":\"https:\/\/rubico.rs\/wp-content\/uploads\/2023\/11\/Snimak_ekrana_2023-11-13_173200-removebg-preview.png\",\"contentUrl\":\"https:\/\/rubico.rs\/wp-content\/uploads\/2023\/11\/Snimak_ekrana_2023-11-13_173200-removebg-preview.png\",\"width\":701,\"height\":320,\"caption\":\"Rubico\"},\"image\":{\"@id\":\"https:\/\/rubico.rs\/#\/schema\/logo\/image\/\"}}]}<\/script>\n<!-- \/ Yoast SEO plugin. -->","yoast_head_json":{"title":"USB HUB Kettz USB-C 3.0 4Port HUB-C40 - Rubico","robots":{"index":"index","follow":"follow","max-snippet":"max-snippet:-1","max-image-preview":"max-image-preview:large","max-video-preview":"max-video-preview:-1"},"canonical":"https:\/\/rubico.rs\/sr\/katalog\/it-oprema\/kablovi-i-adapteri\/usb-hub-kettz-usb-c-3-0-4port-hub-c40\/","og_locale":"sr_RS","og_type":"article","og_title":"USB HUB Kettz USB-C 3.0 4Port HUB-C40 - Rubico","og_description":"Kettz USB-C 3.0 4Port","og_url":"https:\/\/rubico.rs\/sr\/katalog\/it-oprema\/kablovi-i-adapteri\/usb-hub-kettz-usb-c-3-0-4port-hub-c40\/","og_site_name":"Rubico","og_image":[{"width":600,"height":600,"url":"https:\/\/rubico.rs\/wp-content\/uploads\/2024\/03\/29187.jpg","type":"image\/jpeg"}],"twitter_card":"summary_large_image","twitter_misc":{"\u041f\u0440\u043e\u0446\u0435\u045a\u0435\u043d\u043e \u0432\u0440\u0435\u043c\u0435 \u0447\u0438\u0442\u0430\u045a\u0430":"1 \u043c\u0438\u043d\u0443\u0442"},"schema":{"@context":"https:\/\/schema.org","@graph":[{"@type":"WebPage","@id":"https:\/\/rubico.rs\/katalog\/it-oprema\/kablovi-i-adapteri\/usb-hub-kettz-usb-c-3-0-4port-hub-c40\/","url":"https:\/\/rubico.rs\/katalog\/it-oprema\/kablovi-i-adapteri\/usb-hub-kettz-usb-c-3-0-4port-hub-c40\/","name":"USB HUB Kettz USB-C 3.0 4Port HUB-C40 - Rubico","isPartOf":{"@id":"https:\/\/rubico.rs\/#website"},"primaryImageOfPage":{"@id":"https:\/\/rubico.rs\/katalog\/it-oprema\/kablovi-i-adapteri\/usb-hub-kettz-usb-c-3-0-4port-hub-c40\/#primaryimage"},"image":{"@id":"https:\/\/rubico.rs\/katalog\/it-oprema\/kablovi-i-adapteri\/usb-hub-kettz-usb-c-3-0-4port-hub-c40\/#primaryimage"},"thumbnailUrl":"https:\/\/rubico.rs\/wp-content\/uploads\/2024\/03\/29187.jpg","datePublished":"2024-03-20T10:55:53+00:00","breadcrumb":{"@id":"https:\/\/rubico.rs\/katalog\/it-oprema\/kablovi-i-adapteri\/usb-hub-kettz-usb-c-3-0-4port-hub-c40\/#breadcrumb"},"inLanguage":"sr-RS","potentialAction":[{"@type":"ReadAction","target":["https:\/\/rubico.rs\/katalog\/it-oprema\/kablovi-i-adapteri\/usb-hub-kettz-usb-c-3-0-4port-hub-c40\/"]}]},{"@type":"ImageObject","inLanguage":"sr-RS","@id":"https:\/\/rubico.rs\/katalog\/it-oprema\/kablovi-i-adapteri\/usb-hub-kettz-usb-c-3-0-4port-hub-c40\/#primaryimage","url":"https:\/\/rubico.rs\/wp-content\/uploads\/2024\/03\/29187.jpg","contentUrl":"https:\/\/rubico.rs\/wp-content\/uploads\/2024\/03\/29187.jpg","width":600,"height":600},{"@type":"BreadcrumbList","@id":"https:\/\/rubico.rs\/katalog\/it-oprema\/kablovi-i-adapteri\/usb-hub-kettz-usb-c-3-0-4port-hub-c40\/#breadcrumb","itemListElement":[{"@type":"ListItem","position":1,"name":"Home","item":"https:\/\/rubico.rs\/"},{"@type":"ListItem","position":2,"name":"Katalog","item":"https:\/\/rubico.rs\/katalog\/"},{"@type":"ListItem","position":3,"name":"USB HUB Kettz USB-C 3.0 4Port HUB-C40"}]},{"@type":"WebSite","@id":"https:\/\/rubico.rs\/#website","url":"https:\/\/rubico.rs\/","name":"Rubico - Prodaja kancelarijskog materijala","description":"","publisher":{"@id":"https:\/\/rubico.rs\/#organization"},"potentialAction":[{"@type":"SearchAction","target":{"@type":"EntryPoint","urlTemplate":"https:\/\/rubico.rs\/?s={search_term_string}"},"query-input":{"@type":"PropertyValueSpecification","valueRequired":true,"valueName":"search_term_string"}}],"inLanguage":"sr-RS"},{"@type":"Organization","@id":"https:\/\/rubico.rs\/#organization","name":"Rubico","url":"https:\/\/rubico.rs\/","logo":{"@type":"ImageObject","inLanguage":"sr-RS","@id":"https:\/\/rubico.rs\/#\/schema\/logo\/image\/","url":"https:\/\/rubico.rs\/wp-content\/uploads\/2023\/11\/Snimak_ekrana_2023-11-13_173200-removebg-preview.png","contentUrl":"https:\/\/rubico.rs\/wp-content\/uploads\/2023\/11\/Snimak_ekrana_2023-11-13_173200-removebg-preview.png","width":701,"height":320,"caption":"Rubico"},"image":{"@id":"https:\/\/rubico.rs\/#\/schema\/logo\/image\/"}}]}},"_links":{"self":[{"href":"https:\/\/rubico.rs\/sr\/wp-json\/wp\/v2\/product\/4862","targetHints":{"allow":["GET"]}}],"collection":[{"href":"https:\/\/rubico.rs\/sr\/wp-json\/wp\/v2\/product"}],"about":[{"href":"https:\/\/rubico.rs\/sr\/wp-json\/wp\/v2\/types\/product"}],"version-history":[{"count":1,"href":"https:\/\/rubico.rs\/sr\/wp-json\/wp\/v2\/product\/4862\/revisions"}],"predecessor-version":[{"id":4864,"href":"https:\/\/rubico.rs\/sr\/wp-json\/wp\/v2\/product\/4862\/revisions\/4864"}],"wp:featuredmedia":[{"embeddable":true,"href":"https:\/\/rubico.rs\/sr\/wp-json\/wp\/v2\/media\/4863"}],"wp:attachment":[{"href":"https:\/\/rubico.rs\/sr\/wp-json\/wp\/v2\/media?parent=4862"}],"wp:term":[{"taxonomy":"product_brand","embeddable":true,"href":"https:\/\/rubico.rs\/sr\/wp-json\/wp\/v2\/product_brand?post=4862"},{"taxonomy":"product_cat","embeddable":true,"href":"https:\/\/rubico.rs\/sr\/wp-json\/wp\/v2\/product_cat?post=4862"},{"taxonomy":"product_tag","embeddable":true,"href":"https:\/\/rubico.rs\/sr\/wp-json\/wp\/v2\/product_tag?post=4862"}],"curies":[{"name":"wp","href":"https:\/\/api.w.org\/{rel}","templated":true}]}}