{"id":4609,"date":"2024-03-11T11:55:21","date_gmt":"2024-03-11T11:55:21","guid":{"rendered":"https:\/\/rubico.rs\/?post_type=product&#038;p=4609"},"modified":"2025-04-11T09:27:18","modified_gmt":"2025-04-11T09:27:18","slug":"sredstvo-za-ciscenje-kamenca-cillit-bang-750-ml","status":"publish","type":"product","link":"https:\/\/rubico.rs\/sr\/katalog\/hemija-i-sanitarna-oprema\/sredstva-za-ciscenje\/sredstvo-za-ciscenje-kamenca-cillit-bang-750-ml\/","title":{"rendered":"Sredstvo za \u010di\u0161\u0107enje kamenca CiLLIT BANG 750 ml"},"content":{"rendered":"<p><strong>&#8211; Cillit bang Power Cleaner je sna\u017eno sredstvo za \u010di\u0161\u0107enje<\/p>\n<p>\u2013 Izuzetan u borbi protiv kamenca,r\u0111e i upornih mrlja<\/p>\n<p>\u2013 Koristi se za \u010di\u0161\u0107enje kerami\u010dkih povr\u0161ina,sanitarija,slavina,tu\u0161 kabina,odvoda<\/p>\n<p>\u2013 Posle upotrebe ostavlja \u010diste i sjajne povr\u0161ine<\/strong><\/p>","protected":false},"excerpt":{"rendered":"<p>CiLLIT BANG 750 ml<\/p>","protected":false},"featured_media":4611,"template":"","meta":[],"product_brand":[],"product_cat":[67,95],"product_tag":[],"class_list":{"0":"post-4609","1":"product","2":"type-product","3":"status-publish","4":"has-post-thumbnail","6":"product_cat-hemija-i-sanitarna-oprema","7":"product_cat-sredstva-za-ciscenje","9":"first","10":"instock","11":"taxable","12":"shipping-taxable","13":"purchasable","14":"product-type-simple"},"etheme_brands":{"errors":{"invalid_taxonomy":["\u041d\u0435\u0438\u0441\u043f\u0440\u0430\u0432\u043d\u0430 \u0442\u0430\u043a\u0441\u043e\u043d\u043e\u043c\u0438\u0458\u0430."]},"error_data":[]},"yoast_head":"<!-- This site is optimized with the Yoast SEO plugin v25.5 - https:\/\/yoast.com\/wordpress\/plugins\/seo\/ -->\n<title>Sredstvo za \u010di\u0161\u0107enje kamenca CiLLIT BANG 750 ml - Rubico<\/title>\n<meta name=\"robots\" content=\"index, follow, max-snippet:-1, max-image-preview:large, max-video-preview:-1\" \/>\n<link rel=\"canonical\" href=\"https:\/\/rubico.rs\/sr\/katalog\/hemija-i-sanitarna-oprema\/sredstva-za-ciscenje\/sredstvo-za-ciscenje-kamenca-cillit-bang-750-ml\/\" \/>\n<meta property=\"og:locale\" content=\"sr_RS\" \/>\n<meta property=\"og:type\" content=\"article\" \/>\n<meta property=\"og:title\" content=\"Sredstvo za \u010di\u0161\u0107enje kamenca CiLLIT BANG 750 ml - Rubico\" \/>\n<meta property=\"og:description\" content=\"CiLLIT BANG 750 ml\" \/>\n<meta property=\"og:url\" content=\"https:\/\/rubico.rs\/sr\/katalog\/hemija-i-sanitarna-oprema\/sredstva-za-ciscenje\/sredstvo-za-ciscenje-kamenca-cillit-bang-750-ml\/\" \/>\n<meta property=\"og:site_name\" content=\"Rubico\" \/>\n<meta property=\"article:modified_time\" content=\"2025-04-11T09:27:18+00:00\" \/>\n<meta property=\"og:image\" content=\"https:\/\/rubico.rs\/wp-content\/uploads\/2024\/03\/Cilitbang_kamenac.jpg\" \/>\n\t<meta property=\"og:image:width\" content=\"600\" \/>\n\t<meta property=\"og:image:height\" content=\"600\" \/>\n\t<meta property=\"og:image:type\" content=\"image\/jpeg\" \/>\n<meta name=\"twitter:card\" content=\"summary_large_image\" \/>\n<script type=\"application\/ld+json\" class=\"yoast-schema-graph\">{\"@context\":\"https:\/\/schema.org\",\"@graph\":[{\"@type\":\"WebPage\",\"@id\":\"https:\/\/rubico.rs\/katalog\/hemija-i-sanitarna-oprema\/sredstva-za-ciscenje\/sredstvo-za-ciscenje-kamenca-cillit-bang-750-ml\/\",\"url\":\"https:\/\/rubico.rs\/katalog\/hemija-i-sanitarna-oprema\/sredstva-za-ciscenje\/sredstvo-za-ciscenje-kamenca-cillit-bang-750-ml\/\",\"name\":\"Sredstvo za \u010di\u0161\u0107enje kamenca CiLLIT BANG 750 ml - Rubico\",\"isPartOf\":{\"@id\":\"https:\/\/rubico.rs\/#website\"},\"primaryImageOfPage\":{\"@id\":\"https:\/\/rubico.rs\/katalog\/hemija-i-sanitarna-oprema\/sredstva-za-ciscenje\/sredstvo-za-ciscenje-kamenca-cillit-bang-750-ml\/#primaryimage\"},\"image\":{\"@id\":\"https:\/\/rubico.rs\/katalog\/hemija-i-sanitarna-oprema\/sredstva-za-ciscenje\/sredstvo-za-ciscenje-kamenca-cillit-bang-750-ml\/#primaryimage\"},\"thumbnailUrl\":\"https:\/\/rubico.rs\/wp-content\/uploads\/2024\/03\/Cilitbang_kamenac.jpg\",\"datePublished\":\"2024-03-11T11:55:21+00:00\",\"dateModified\":\"2025-04-11T09:27:18+00:00\",\"breadcrumb\":{\"@id\":\"https:\/\/rubico.rs\/katalog\/hemija-i-sanitarna-oprema\/sredstva-za-ciscenje\/sredstvo-za-ciscenje-kamenca-cillit-bang-750-ml\/#breadcrumb\"},\"inLanguage\":\"sr-RS\",\"potentialAction\":[{\"@type\":\"ReadAction\",\"target\":[\"https:\/\/rubico.rs\/katalog\/hemija-i-sanitarna-oprema\/sredstva-za-ciscenje\/sredstvo-za-ciscenje-kamenca-cillit-bang-750-ml\/\"]}]},{\"@type\":\"ImageObject\",\"inLanguage\":\"sr-RS\",\"@id\":\"https:\/\/rubico.rs\/katalog\/hemija-i-sanitarna-oprema\/sredstva-za-ciscenje\/sredstvo-za-ciscenje-kamenca-cillit-bang-750-ml\/#primaryimage\",\"url\":\"https:\/\/rubico.rs\/wp-content\/uploads\/2024\/03\/Cilitbang_kamenac.jpg\",\"contentUrl\":\"https:\/\/rubico.rs\/wp-content\/uploads\/2024\/03\/Cilitbang_kamenac.jpg\",\"width\":600,\"height\":600},{\"@type\":\"BreadcrumbList\",\"@id\":\"https:\/\/rubico.rs\/katalog\/hemija-i-sanitarna-oprema\/sredstva-za-ciscenje\/sredstvo-za-ciscenje-kamenca-cillit-bang-750-ml\/#breadcrumb\",\"itemListElement\":[{\"@type\":\"ListItem\",\"position\":1,\"name\":\"Home\",\"item\":\"https:\/\/rubico.rs\/\"},{\"@type\":\"ListItem\",\"position\":2,\"name\":\"Katalog\",\"item\":\"https:\/\/rubico.rs\/katalog\/\"},{\"@type\":\"ListItem\",\"position\":3,\"name\":\"Sredstvo za \u010di\u0161\u0107enje kamenca CiLLIT BANG 750 ml\"}]},{\"@type\":\"WebSite\",\"@id\":\"https:\/\/rubico.rs\/#website\",\"url\":\"https:\/\/rubico.rs\/\",\"name\":\"Rubico - Prodaja kancelarijskog materijala\",\"description\":\"\",\"publisher\":{\"@id\":\"https:\/\/rubico.rs\/#organization\"},\"potentialAction\":[{\"@type\":\"SearchAction\",\"target\":{\"@type\":\"EntryPoint\",\"urlTemplate\":\"https:\/\/rubico.rs\/?s={search_term_string}\"},\"query-input\":{\"@type\":\"PropertyValueSpecification\",\"valueRequired\":true,\"valueName\":\"search_term_string\"}}],\"inLanguage\":\"sr-RS\"},{\"@type\":\"Organization\",\"@id\":\"https:\/\/rubico.rs\/#organization\",\"name\":\"Rubico\",\"url\":\"https:\/\/rubico.rs\/\",\"logo\":{\"@type\":\"ImageObject\",\"inLanguage\":\"sr-RS\",\"@id\":\"https:\/\/rubico.rs\/#\/schema\/logo\/image\/\",\"url\":\"https:\/\/rubico.rs\/wp-content\/uploads\/2023\/11\/Snimak_ekrana_2023-11-13_173200-removebg-preview.png\",\"contentUrl\":\"https:\/\/rubico.rs\/wp-content\/uploads\/2023\/11\/Snimak_ekrana_2023-11-13_173200-removebg-preview.png\",\"width\":701,\"height\":320,\"caption\":\"Rubico\"},\"image\":{\"@id\":\"https:\/\/rubico.rs\/#\/schema\/logo\/image\/\"}}]}<\/script>\n<!-- \/ Yoast SEO plugin. -->","yoast_head_json":{"title":"Sredstvo za \u010di\u0161\u0107enje kamenca CiLLIT BANG 750 ml - Rubico","robots":{"index":"index","follow":"follow","max-snippet":"max-snippet:-1","max-image-preview":"max-image-preview:large","max-video-preview":"max-video-preview:-1"},"canonical":"https:\/\/rubico.rs\/sr\/katalog\/hemija-i-sanitarna-oprema\/sredstva-za-ciscenje\/sredstvo-za-ciscenje-kamenca-cillit-bang-750-ml\/","og_locale":"sr_RS","og_type":"article","og_title":"Sredstvo za \u010di\u0161\u0107enje kamenca CiLLIT BANG 750 ml - Rubico","og_description":"CiLLIT BANG 750 ml","og_url":"https:\/\/rubico.rs\/sr\/katalog\/hemija-i-sanitarna-oprema\/sredstva-za-ciscenje\/sredstvo-za-ciscenje-kamenca-cillit-bang-750-ml\/","og_site_name":"Rubico","article_modified_time":"2025-04-11T09:27:18+00:00","og_image":[{"width":600,"height":600,"url":"https:\/\/rubico.rs\/wp-content\/uploads\/2024\/03\/Cilitbang_kamenac.jpg","type":"image\/jpeg"}],"twitter_card":"summary_large_image","schema":{"@context":"https:\/\/schema.org","@graph":[{"@type":"WebPage","@id":"https:\/\/rubico.rs\/katalog\/hemija-i-sanitarna-oprema\/sredstva-za-ciscenje\/sredstvo-za-ciscenje-kamenca-cillit-bang-750-ml\/","url":"https:\/\/rubico.rs\/katalog\/hemija-i-sanitarna-oprema\/sredstva-za-ciscenje\/sredstvo-za-ciscenje-kamenca-cillit-bang-750-ml\/","name":"Sredstvo za \u010di\u0161\u0107enje kamenca CiLLIT BANG 750 ml - Rubico","isPartOf":{"@id":"https:\/\/rubico.rs\/#website"},"primaryImageOfPage":{"@id":"https:\/\/rubico.rs\/katalog\/hemija-i-sanitarna-oprema\/sredstva-za-ciscenje\/sredstvo-za-ciscenje-kamenca-cillit-bang-750-ml\/#primaryimage"},"image":{"@id":"https:\/\/rubico.rs\/katalog\/hemija-i-sanitarna-oprema\/sredstva-za-ciscenje\/sredstvo-za-ciscenje-kamenca-cillit-bang-750-ml\/#primaryimage"},"thumbnailUrl":"https:\/\/rubico.rs\/wp-content\/uploads\/2024\/03\/Cilitbang_kamenac.jpg","datePublished":"2024-03-11T11:55:21+00:00","dateModified":"2025-04-11T09:27:18+00:00","breadcrumb":{"@id":"https:\/\/rubico.rs\/katalog\/hemija-i-sanitarna-oprema\/sredstva-za-ciscenje\/sredstvo-za-ciscenje-kamenca-cillit-bang-750-ml\/#breadcrumb"},"inLanguage":"sr-RS","potentialAction":[{"@type":"ReadAction","target":["https:\/\/rubico.rs\/katalog\/hemija-i-sanitarna-oprema\/sredstva-za-ciscenje\/sredstvo-za-ciscenje-kamenca-cillit-bang-750-ml\/"]}]},{"@type":"ImageObject","inLanguage":"sr-RS","@id":"https:\/\/rubico.rs\/katalog\/hemija-i-sanitarna-oprema\/sredstva-za-ciscenje\/sredstvo-za-ciscenje-kamenca-cillit-bang-750-ml\/#primaryimage","url":"https:\/\/rubico.rs\/wp-content\/uploads\/2024\/03\/Cilitbang_kamenac.jpg","contentUrl":"https:\/\/rubico.rs\/wp-content\/uploads\/2024\/03\/Cilitbang_kamenac.jpg","width":600,"height":600},{"@type":"BreadcrumbList","@id":"https:\/\/rubico.rs\/katalog\/hemija-i-sanitarna-oprema\/sredstva-za-ciscenje\/sredstvo-za-ciscenje-kamenca-cillit-bang-750-ml\/#breadcrumb","itemListElement":[{"@type":"ListItem","position":1,"name":"Home","item":"https:\/\/rubico.rs\/"},{"@type":"ListItem","position":2,"name":"Katalog","item":"https:\/\/rubico.rs\/katalog\/"},{"@type":"ListItem","position":3,"name":"Sredstvo za \u010di\u0161\u0107enje kamenca CiLLIT BANG 750 ml"}]},{"@type":"WebSite","@id":"https:\/\/rubico.rs\/#website","url":"https:\/\/rubico.rs\/","name":"Rubico - Prodaja kancelarijskog materijala","description":"","publisher":{"@id":"https:\/\/rubico.rs\/#organization"},"potentialAction":[{"@type":"SearchAction","target":{"@type":"EntryPoint","urlTemplate":"https:\/\/rubico.rs\/?s={search_term_string}"},"query-input":{"@type":"PropertyValueSpecification","valueRequired":true,"valueName":"search_term_string"}}],"inLanguage":"sr-RS"},{"@type":"Organization","@id":"https:\/\/rubico.rs\/#organization","name":"Rubico","url":"https:\/\/rubico.rs\/","logo":{"@type":"ImageObject","inLanguage":"sr-RS","@id":"https:\/\/rubico.rs\/#\/schema\/logo\/image\/","url":"https:\/\/rubico.rs\/wp-content\/uploads\/2023\/11\/Snimak_ekrana_2023-11-13_173200-removebg-preview.png","contentUrl":"https:\/\/rubico.rs\/wp-content\/uploads\/2023\/11\/Snimak_ekrana_2023-11-13_173200-removebg-preview.png","width":701,"height":320,"caption":"Rubico"},"image":{"@id":"https:\/\/rubico.rs\/#\/schema\/logo\/image\/"}}]}},"_links":{"self":[{"href":"https:\/\/rubico.rs\/sr\/wp-json\/wp\/v2\/product\/4609","targetHints":{"allow":["GET"]}}],"collection":[{"href":"https:\/\/rubico.rs\/sr\/wp-json\/wp\/v2\/product"}],"about":[{"href":"https:\/\/rubico.rs\/sr\/wp-json\/wp\/v2\/types\/product"}],"version-history":[{"count":1,"href":"https:\/\/rubico.rs\/sr\/wp-json\/wp\/v2\/product\/4609\/revisions"}],"predecessor-version":[{"id":4612,"href":"https:\/\/rubico.rs\/sr\/wp-json\/wp\/v2\/product\/4609\/revisions\/4612"}],"wp:featuredmedia":[{"embeddable":true,"href":"https:\/\/rubico.rs\/sr\/wp-json\/wp\/v2\/media\/4611"}],"wp:attachment":[{"href":"https:\/\/rubico.rs\/sr\/wp-json\/wp\/v2\/media?parent=4609"}],"wp:term":[{"taxonomy":"product_brand","embeddable":true,"href":"https:\/\/rubico.rs\/sr\/wp-json\/wp\/v2\/product_brand?post=4609"},{"taxonomy":"product_cat","embeddable":true,"href":"https:\/\/rubico.rs\/sr\/wp-json\/wp\/v2\/product_cat?post=4609"},{"taxonomy":"product_tag","embeddable":true,"href":"https:\/\/rubico.rs\/sr\/wp-json\/wp\/v2\/product_tag?post=4609"}],"curies":[{"name":"wp","href":"https:\/\/api.w.org\/{rel}","templated":true}]}}