{"id":5184,"date":"2024-04-08T10:28:45","date_gmt":"2024-04-08T10:28:45","guid":{"rendered":"https:\/\/rubico.rs\/?post_type=product&#038;p=5184"},"modified":"2025-04-25T10:43:36","modified_gmt":"2025-04-25T10:43:36","slug":"ketridz-za-hp-933xl-yellow-cn056ae","status":"publish","type":"product","link":"http:\/\/rubico.rs\/sr\/katalog\/toneri-ketridzi-i-oprema-za-stampace\/originalni-toneri\/ketridz-za-hp-933xl-yellow-cn056ae\/","title":{"rendered":"Kertrid\u017e za HP 933XL Yellow (CN056AE) OEM"},"content":{"rendered":"<p><strong>&#8211; Originalni (OEM) kertrid\u017e za \u0161tampa\u010de OfficeJet 6100\/6600\/6700 ALL IN ONE<\/p>\n<p>&#8211; Broj strana: 1.000 strana<\/strong><\/p>","protected":false},"excerpt":{"rendered":"<p>HP 933XL Yellow (CN056AE)<\/p>","protected":false},"featured_media":5185,"template":"","meta":[],"product_brand":[],"product_cat":[85],"product_tag":[],"class_list":{"0":"post-5184","1":"product","2":"type-product","3":"status-publish","4":"has-post-thumbnail","6":"product_cat-originalni-toneri","8":"first","9":"instock","10":"taxable","11":"shipping-taxable","12":"purchasable","13":"product-type-simple"},"etheme_brands":{"errors":{"invalid_taxonomy":["\u041d\u0435\u0438\u0441\u043f\u0440\u0430\u0432\u043d\u0430 \u0442\u0430\u043a\u0441\u043e\u043d\u043e\u043c\u0438\u0458\u0430."]},"error_data":[]},"yoast_head":"<!-- This site is optimized with the Yoast SEO plugin v25.5 - https:\/\/yoast.com\/wordpress\/plugins\/seo\/ -->\n<title>Kertrid\u017e za HP 933XL Yellow (CN056AE) OEM - Rubico<\/title>\n<meta name=\"robots\" content=\"index, follow, max-snippet:-1, max-image-preview:large, max-video-preview:-1\" \/>\n<link rel=\"canonical\" href=\"https:\/\/rubico.rs\/sr\/katalog\/toneri-ketridzi-i-oprema-za-stampace\/originalni-toneri\/ketridz-za-hp-933xl-yellow-cn056ae\/\" \/>\n<meta property=\"og:locale\" content=\"sr_RS\" \/>\n<meta property=\"og:type\" content=\"article\" \/>\n<meta property=\"og:title\" content=\"Kertrid\u017e za HP 933XL Yellow (CN056AE) OEM - Rubico\" \/>\n<meta property=\"og:description\" content=\"HP 933XL Yellow (CN056AE)\" \/>\n<meta property=\"og:url\" content=\"https:\/\/rubico.rs\/sr\/katalog\/toneri-ketridzi-i-oprema-za-stampace\/originalni-toneri\/ketridz-za-hp-933xl-yellow-cn056ae\/\" \/>\n<meta property=\"og:site_name\" content=\"Rubico\" \/>\n<meta property=\"article:modified_time\" content=\"2025-04-25T10:43:36+00:00\" \/>\n<meta property=\"og:image\" content=\"https:\/\/rubico.rs\/wp-content\/uploads\/2024\/04\/933oemYellow.jpg\" \/>\n\t<meta property=\"og:image:width\" content=\"550\" \/>\n\t<meta property=\"og:image:height\" content=\"550\" \/>\n\t<meta property=\"og:image:type\" content=\"image\/jpeg\" \/>\n<meta name=\"twitter:card\" content=\"summary_large_image\" \/>\n<script type=\"application\/ld+json\" class=\"yoast-schema-graph\">{\"@context\":\"https:\/\/schema.org\",\"@graph\":[{\"@type\":\"WebPage\",\"@id\":\"https:\/\/rubico.rs\/katalog\/toneri-ketridzi-i-oprema-za-stampace\/originalni-toneri\/ketridz-za-hp-933xl-yellow-cn056ae\/\",\"url\":\"https:\/\/rubico.rs\/katalog\/toneri-ketridzi-i-oprema-za-stampace\/originalni-toneri\/ketridz-za-hp-933xl-yellow-cn056ae\/\",\"name\":\"Kertrid\u017e za HP 933XL Yellow (CN056AE) OEM - Rubico\",\"isPartOf\":{\"@id\":\"https:\/\/rubico.rs\/#website\"},\"primaryImageOfPage\":{\"@id\":\"https:\/\/rubico.rs\/katalog\/toneri-ketridzi-i-oprema-za-stampace\/originalni-toneri\/ketridz-za-hp-933xl-yellow-cn056ae\/#primaryimage\"},\"image\":{\"@id\":\"https:\/\/rubico.rs\/katalog\/toneri-ketridzi-i-oprema-za-stampace\/originalni-toneri\/ketridz-za-hp-933xl-yellow-cn056ae\/#primaryimage\"},\"thumbnailUrl\":\"https:\/\/rubico.rs\/wp-content\/uploads\/2024\/04\/933oemYellow.jpg\",\"datePublished\":\"2024-04-08T10:28:45+00:00\",\"dateModified\":\"2025-04-25T10:43:36+00:00\",\"breadcrumb\":{\"@id\":\"https:\/\/rubico.rs\/katalog\/toneri-ketridzi-i-oprema-za-stampace\/originalni-toneri\/ketridz-za-hp-933xl-yellow-cn056ae\/#breadcrumb\"},\"inLanguage\":\"sr-RS\",\"potentialAction\":[{\"@type\":\"ReadAction\",\"target\":[\"https:\/\/rubico.rs\/katalog\/toneri-ketridzi-i-oprema-za-stampace\/originalni-toneri\/ketridz-za-hp-933xl-yellow-cn056ae\/\"]}]},{\"@type\":\"ImageObject\",\"inLanguage\":\"sr-RS\",\"@id\":\"https:\/\/rubico.rs\/katalog\/toneri-ketridzi-i-oprema-za-stampace\/originalni-toneri\/ketridz-za-hp-933xl-yellow-cn056ae\/#primaryimage\",\"url\":\"https:\/\/rubico.rs\/wp-content\/uploads\/2024\/04\/933oemYellow.jpg\",\"contentUrl\":\"https:\/\/rubico.rs\/wp-content\/uploads\/2024\/04\/933oemYellow.jpg\",\"width\":550,\"height\":550},{\"@type\":\"BreadcrumbList\",\"@id\":\"https:\/\/rubico.rs\/katalog\/toneri-ketridzi-i-oprema-za-stampace\/originalni-toneri\/ketridz-za-hp-933xl-yellow-cn056ae\/#breadcrumb\",\"itemListElement\":[{\"@type\":\"ListItem\",\"position\":1,\"name\":\"Home\",\"item\":\"https:\/\/rubico.rs\/\"},{\"@type\":\"ListItem\",\"position\":2,\"name\":\"Katalog\",\"item\":\"https:\/\/rubico.rs\/katalog\/\"},{\"@type\":\"ListItem\",\"position\":3,\"name\":\"Kertrid\u017e za HP 933XL Yellow (CN056AE) OEM\"}]},{\"@type\":\"WebSite\",\"@id\":\"https:\/\/rubico.rs\/#website\",\"url\":\"https:\/\/rubico.rs\/\",\"name\":\"Rubico - Prodaja kancelarijskog materijala\",\"description\":\"\",\"publisher\":{\"@id\":\"https:\/\/rubico.rs\/#organization\"},\"potentialAction\":[{\"@type\":\"SearchAction\",\"target\":{\"@type\":\"EntryPoint\",\"urlTemplate\":\"https:\/\/rubico.rs\/?s={search_term_string}\"},\"query-input\":{\"@type\":\"PropertyValueSpecification\",\"valueRequired\":true,\"valueName\":\"search_term_string\"}}],\"inLanguage\":\"sr-RS\"},{\"@type\":\"Organization\",\"@id\":\"https:\/\/rubico.rs\/#organization\",\"name\":\"Rubico\",\"url\":\"https:\/\/rubico.rs\/\",\"logo\":{\"@type\":\"ImageObject\",\"inLanguage\":\"sr-RS\",\"@id\":\"https:\/\/rubico.rs\/#\/schema\/logo\/image\/\",\"url\":\"https:\/\/rubico.rs\/wp-content\/uploads\/2023\/11\/Snimak_ekrana_2023-11-13_173200-removebg-preview.png\",\"contentUrl\":\"https:\/\/rubico.rs\/wp-content\/uploads\/2023\/11\/Snimak_ekrana_2023-11-13_173200-removebg-preview.png\",\"width\":701,\"height\":320,\"caption\":\"Rubico\"},\"image\":{\"@id\":\"https:\/\/rubico.rs\/#\/schema\/logo\/image\/\"}}]}<\/script>\n<!-- \/ Yoast SEO plugin. -->","yoast_head_json":{"title":"Kertrid\u017e za HP 933XL Yellow (CN056AE) OEM - Rubico","robots":{"index":"index","follow":"follow","max-snippet":"max-snippet:-1","max-image-preview":"max-image-preview:large","max-video-preview":"max-video-preview:-1"},"canonical":"https:\/\/rubico.rs\/sr\/katalog\/toneri-ketridzi-i-oprema-za-stampace\/originalni-toneri\/ketridz-za-hp-933xl-yellow-cn056ae\/","og_locale":"sr_RS","og_type":"article","og_title":"Kertrid\u017e za HP 933XL Yellow (CN056AE) OEM - Rubico","og_description":"HP 933XL Yellow (CN056AE)","og_url":"https:\/\/rubico.rs\/sr\/katalog\/toneri-ketridzi-i-oprema-za-stampace\/originalni-toneri\/ketridz-za-hp-933xl-yellow-cn056ae\/","og_site_name":"Rubico","article_modified_time":"2025-04-25T10:43:36+00:00","og_image":[{"width":550,"height":550,"url":"https:\/\/rubico.rs\/wp-content\/uploads\/2024\/04\/933oemYellow.jpg","type":"image\/jpeg"}],"twitter_card":"summary_large_image","schema":{"@context":"https:\/\/schema.org","@graph":[{"@type":"WebPage","@id":"https:\/\/rubico.rs\/katalog\/toneri-ketridzi-i-oprema-za-stampace\/originalni-toneri\/ketridz-za-hp-933xl-yellow-cn056ae\/","url":"https:\/\/rubico.rs\/katalog\/toneri-ketridzi-i-oprema-za-stampace\/originalni-toneri\/ketridz-za-hp-933xl-yellow-cn056ae\/","name":"Kertrid\u017e za HP 933XL Yellow (CN056AE) OEM - Rubico","isPartOf":{"@id":"https:\/\/rubico.rs\/#website"},"primaryImageOfPage":{"@id":"https:\/\/rubico.rs\/katalog\/toneri-ketridzi-i-oprema-za-stampace\/originalni-toneri\/ketridz-za-hp-933xl-yellow-cn056ae\/#primaryimage"},"image":{"@id":"https:\/\/rubico.rs\/katalog\/toneri-ketridzi-i-oprema-za-stampace\/originalni-toneri\/ketridz-za-hp-933xl-yellow-cn056ae\/#primaryimage"},"thumbnailUrl":"https:\/\/rubico.rs\/wp-content\/uploads\/2024\/04\/933oemYellow.jpg","datePublished":"2024-04-08T10:28:45+00:00","dateModified":"2025-04-25T10:43:36+00:00","breadcrumb":{"@id":"https:\/\/rubico.rs\/katalog\/toneri-ketridzi-i-oprema-za-stampace\/originalni-toneri\/ketridz-za-hp-933xl-yellow-cn056ae\/#breadcrumb"},"inLanguage":"sr-RS","potentialAction":[{"@type":"ReadAction","target":["https:\/\/rubico.rs\/katalog\/toneri-ketridzi-i-oprema-za-stampace\/originalni-toneri\/ketridz-za-hp-933xl-yellow-cn056ae\/"]}]},{"@type":"ImageObject","inLanguage":"sr-RS","@id":"https:\/\/rubico.rs\/katalog\/toneri-ketridzi-i-oprema-za-stampace\/originalni-toneri\/ketridz-za-hp-933xl-yellow-cn056ae\/#primaryimage","url":"https:\/\/rubico.rs\/wp-content\/uploads\/2024\/04\/933oemYellow.jpg","contentUrl":"https:\/\/rubico.rs\/wp-content\/uploads\/2024\/04\/933oemYellow.jpg","width":550,"height":550},{"@type":"BreadcrumbList","@id":"https:\/\/rubico.rs\/katalog\/toneri-ketridzi-i-oprema-za-stampace\/originalni-toneri\/ketridz-za-hp-933xl-yellow-cn056ae\/#breadcrumb","itemListElement":[{"@type":"ListItem","position":1,"name":"Home","item":"https:\/\/rubico.rs\/"},{"@type":"ListItem","position":2,"name":"Katalog","item":"https:\/\/rubico.rs\/katalog\/"},{"@type":"ListItem","position":3,"name":"Kertrid\u017e za HP 933XL Yellow (CN056AE) OEM"}]},{"@type":"WebSite","@id":"https:\/\/rubico.rs\/#website","url":"https:\/\/rubico.rs\/","name":"Rubico - Prodaja kancelarijskog materijala","description":"","publisher":{"@id":"https:\/\/rubico.rs\/#organization"},"potentialAction":[{"@type":"SearchAction","target":{"@type":"EntryPoint","urlTemplate":"https:\/\/rubico.rs\/?s={search_term_string}"},"query-input":{"@type":"PropertyValueSpecification","valueRequired":true,"valueName":"search_term_string"}}],"inLanguage":"sr-RS"},{"@type":"Organization","@id":"https:\/\/rubico.rs\/#organization","name":"Rubico","url":"https:\/\/rubico.rs\/","logo":{"@type":"ImageObject","inLanguage":"sr-RS","@id":"https:\/\/rubico.rs\/#\/schema\/logo\/image\/","url":"https:\/\/rubico.rs\/wp-content\/uploads\/2023\/11\/Snimak_ekrana_2023-11-13_173200-removebg-preview.png","contentUrl":"https:\/\/rubico.rs\/wp-content\/uploads\/2023\/11\/Snimak_ekrana_2023-11-13_173200-removebg-preview.png","width":701,"height":320,"caption":"Rubico"},"image":{"@id":"https:\/\/rubico.rs\/#\/schema\/logo\/image\/"}}]}},"_links":{"self":[{"href":"http:\/\/rubico.rs\/sr\/wp-json\/wp\/v2\/product\/5184","targetHints":{"allow":["GET"]}}],"collection":[{"href":"http:\/\/rubico.rs\/sr\/wp-json\/wp\/v2\/product"}],"about":[{"href":"http:\/\/rubico.rs\/sr\/wp-json\/wp\/v2\/types\/product"}],"version-history":[{"count":3,"href":"http:\/\/rubico.rs\/sr\/wp-json\/wp\/v2\/product\/5184\/revisions"}],"predecessor-version":[{"id":6438,"href":"http:\/\/rubico.rs\/sr\/wp-json\/wp\/v2\/product\/5184\/revisions\/6438"}],"wp:featuredmedia":[{"embeddable":true,"href":"http:\/\/rubico.rs\/sr\/wp-json\/wp\/v2\/media\/5185"}],"wp:attachment":[{"href":"http:\/\/rubico.rs\/sr\/wp-json\/wp\/v2\/media?parent=5184"}],"wp:term":[{"taxonomy":"product_brand","embeddable":true,"href":"http:\/\/rubico.rs\/sr\/wp-json\/wp\/v2\/product_brand?post=5184"},{"taxonomy":"product_cat","embeddable":true,"href":"http:\/\/rubico.rs\/sr\/wp-json\/wp\/v2\/product_cat?post=5184"},{"taxonomy":"product_tag","embeddable":true,"href":"http:\/\/rubico.rs\/sr\/wp-json\/wp\/v2\/product_tag?post=5184"}],"curies":[{"name":"wp","href":"https:\/\/api.w.org\/{rel}","templated":true}]}}